{"id":32975,"date":"2024-12-01T14:25:30","date_gmt":"2024-12-01T12:25:30","guid":{"rendered":"https:\/\/zooprekes24.lt\/?page_id=32975"},"modified":"2024-12-01T14:27:34","modified_gmt":"2024-12-01T12:27:34","slug":"blogi","status":"publish","type":"page","link":"https:\/\/zooprekes24.lt\/et\/tinklarastis\/","title":{"rendered":"Blogi"},"content":{"rendered":"<section class=\"l-section wpb_row height_medium\"><div class=\"l-section-h i-cf\"><div class=\"g-cols vc_row via_grid cols_1 laptops-cols_inherit tablets-cols_inherit mobiles-cols_1 valign_top type_default stacking_default\"><div class=\"wpb_column vc_column_container\"><div class=\"vc_column-inner\"><div class=\"w-grid us_grid type_grid layout_429 cols_2 overflow_hidden preload_style_spinner\" id=\"us_grid_1\" style=\"--columns:2;--gap:1.5rem;\" data-filterable=\"true\"><style>@media (max-width:600px){#us_grid_1{--columns:1!important}}.layout_429 .w-grid-item-h{background:#f7f7f7}.layout_429 .usg_post_image_1{transition-duration:0.5s;transform-origin:50% 50%;transform:scale(1) translate(0%,0%)}.layout_429 .w-grid-item-h:focus-within .usg_post_image_1,.layout_429 .w-grid-item-h:hover .usg_post_image_1{transform:scale(1.2) translate(0%,0%);opacity:1}.layout_429 .usg_post_image_1{width:100%!important;height:228px!important}.layout_429 .usg_post_title_1{font-weight:400!important}.layout_429 .usg_post_content_1{font-size:14px!important;max-height:154px!important}.layout_429 .usg_vwrapper_1{position:relative!important;z-index:1!important;margin:40px 30px 25px 30px!important}.layout_429 .usg_vwrapper_2{max-height:228px!important;overflow:hidden!important}.layout_429 .usg_post_custom_field_2{width:50px!important;border-radius:50px!important}.layout_429 .usg_hwrapper_1{color:var(--color-content-faded)!important;font-size:14px!important;margin-top:22px!important;border-top-width:1px!important;border-color:var(--color-content-border)!important;border-top-style:solid!important;padding:15px 30px 15px 30px!important}<\/style><div class=\"w-grid-list\">\t<article class=\"w-grid-item size_1x1 post-4115 post type-post status-publish format-standard has-post-thumbnail hentry category-blog\" data-id=\"4115\">\r\n\t\t<div class=\"w-grid-item-h\">\r\n\t\t\t\t\t\t<div class=\"w-vwrapper usg_vwrapper_2 align_none valign_top\"><div class=\"w-post-elm post_image usg_post_image_1 has_width has_height has_ratio\"><a href=\"https:\/\/zooprekes24.lt\/et\/patarimai-kurie-pades-renkatis-augintinio-maista\/\" aria-label=\"Patarimai kurie pad\u0117s renkatis augintinio maist\u0105 \ud83e\uddd0\"><img loading=\"lazy\" decoding=\"async\" width=\"1024\" height=\"1024\" src=\"https:\/\/zooprekes24.lt\/wp-content\/uploads\/ernaehrung-beim-welpen-1024x1024.jpg\" class=\"attachment-large size-large wp-post-image\" alt=\"\u0160un\u0173 \u0117dalas straipsnis\" \/><\/a><div style=\"padding-bottom:56.25%\"><\/div><\/div><\/div><div class=\"w-vwrapper usg_vwrapper_1 align_none valign_top\" style=\"--vwrapper-gap:25px\"><h3 class=\"w-post-elm post_title usg_post_title_1 entry-title color_link_inherit\"><a href=\"https:\/\/zooprekes24.lt\/et\/patarimai-kurie-pades-renkatis-augintinio-maista\/\">Patarimai kurie pad\u0117s renkatis augintinio maist\u0105 \ud83e\uddd0<\/a><\/h3><div class=\"w-post-elm post_content usg_post_content_1\">Geriausio maisto \u0161unims paie\u0161ka gali b\u016bti varginanti: kaip rasti tai, kas b\u016bt\u0173 skanu ir sveika J\u016bs\u0173 augintiniui? Turime pripa\u017einti \u2013 tinkamo sauso \u0161un\u0173 maisto\u00a0pasirinkimas yra daugiau nei spontani\u0161kas sprendimas u\u017eb\u0117gus \u012f parduotuv\u0119. Ta\u010diau tam, kad J\u016bs\u0173 augintinis gyvent\u0173 sveik\u0105 ir laiming\u0105 gyvenim\u0105,&hellip;<\/div><\/div><div class=\"w-hwrapper usg_hwrapper_1 has_text_color align_justify valign_middle\"><div class=\"w-post-elm post_custom_field usg_post_custom_field_1 type_text author_name color_link_inherit\"><span class=\"w-post-elm-value\">Kotryna<\/span><\/div><div class=\"w-post-elm post_custom_field usg_post_custom_field_2 type_image author_photo color_link_inherit has_border_radius has_ratio\"><div style=\"padding-bottom:100%\"><\/div><img loading=\"lazy\" decoding=\"async\" width=\"256\" height=\"256\" src=\"https:\/\/zooprekes24.lt\/wp-content\/uploads\/d9e00b2fe8386558e2e7f8e0b287ce7e.png\" class=\"attachment-large size-large\" alt=\"D9e00b2fe8386558e2e7f8e0b287ce7e\" srcset=\"https:\/\/zooprekes24.lt\/wp-content\/uploads\/d9e00b2fe8386558e2e7f8e0b287ce7e.png 256w, https:\/\/zooprekes24.lt\/wp-content\/uploads\/d9e00b2fe8386558e2e7f8e0b287ce7e-150x150.png 150w, https:\/\/zooprekes24.lt\/wp-content\/uploads\/d9e00b2fe8386558e2e7f8e0b287ce7e-50x50.png 50w, https:\/\/zooprekes24.lt\/wp-content\/uploads\/d9e00b2fe8386558e2e7f8e0b287ce7e-100x100.png 100w\" sizes=\"auto, (max-width: 256px) 100vw, 256px\" \/><\/div><\/div>\t\t<\/div>\r\n\t\t\t<\/article>\r\n\t<article class=\"w-grid-item size_1x1 post-4113 post type-post status-publish format-standard has-post-thumbnail hentry category-blog\" data-id=\"4113\">\r\n\t\t<div class=\"w-grid-item-h\">\r\n\t\t\t\t\t\t<div class=\"w-vwrapper usg_vwrapper_2 align_none valign_top\"><div class=\"w-post-elm post_image usg_post_image_1 has_width has_height has_ratio\"><a href=\"https:\/\/zooprekes24.lt\/et\/parazitai-bunda-kaip-apsaugoti-augintini\/\" aria-label=\"Parazitai bunda! \ud83d\udd77\ufe0f Kaip apsaugoti augintin\u012f?\"><img loading=\"lazy\" decoding=\"async\" width=\"800\" height=\"450\" src=\"https:\/\/zooprekes24.lt\/wp-content\/uploads\/erke.png\" class=\"attachment-large size-large wp-post-image\" alt=\"Parazitai straipsnis\" \/><\/a><div style=\"padding-bottom:56.25%\"><\/div><\/div><\/div><div class=\"w-vwrapper usg_vwrapper_1 align_none valign_top\" style=\"--vwrapper-gap:25px\"><h3 class=\"w-post-elm post_title usg_post_title_1 entry-title color_link_inherit\"><a href=\"https:\/\/zooprekes24.lt\/et\/parazitai-bunda-kaip-apsaugoti-augintini\/\">Parazitai bunda! \ud83d\udd77\ufe0f Kaip apsaugoti augintin\u012f?<\/a><\/h3><div class=\"w-post-elm post_content usg_post_content_1\">\u0160iltas oras ir smag\u016bs pasivaik\u0161\u010diojimai gamtoje &#8211; did\u017eiausias malonumas mums ir m\u016bs\u0173 augintiniams, ta\u010diau \u0161alia \u0161i\u0173 malonum\u0173 slypi pavojus, nes vos tik at\u0161yla oras, suaktyv\u0117ja erk\u0117s ir kiti parazitai, kurie gali sukelti odos ligas ir pakenkti augintinio sveikatai. Erk\u0117s, blusos ir ut\u0117l\u0117s&hellip;<\/div><\/div><div class=\"w-hwrapper usg_hwrapper_1 has_text_color align_justify valign_middle\"><div class=\"w-post-elm post_custom_field usg_post_custom_field_1 type_text author_name color_link_inherit\"><span class=\"w-post-elm-value\">Kotryna<\/span><\/div><div class=\"w-post-elm post_custom_field usg_post_custom_field_2 type_image author_photo color_link_inherit has_border_radius has_ratio\"><div style=\"padding-bottom:100%\"><\/div><img loading=\"lazy\" decoding=\"async\" width=\"256\" height=\"256\" src=\"https:\/\/zooprekes24.lt\/wp-content\/uploads\/d9e00b2fe8386558e2e7f8e0b287ce7e.png\" class=\"attachment-large size-large\" alt=\"D9e00b2fe8386558e2e7f8e0b287ce7e\" srcset=\"https:\/\/zooprekes24.lt\/wp-content\/uploads\/d9e00b2fe8386558e2e7f8e0b287ce7e.png 256w, https:\/\/zooprekes24.lt\/wp-content\/uploads\/d9e00b2fe8386558e2e7f8e0b287ce7e-150x150.png 150w, https:\/\/zooprekes24.lt\/wp-content\/uploads\/d9e00b2fe8386558e2e7f8e0b287ce7e-50x50.png 50w, https:\/\/zooprekes24.lt\/wp-content\/uploads\/d9e00b2fe8386558e2e7f8e0b287ce7e-100x100.png 100w\" sizes=\"auto, (max-width: 256px) 100vw, 256px\" \/><\/div><\/div>\t\t<\/div>\r\n\t\t\t<\/article>\r\n\t<article class=\"w-grid-item size_1x1 post-4117 post type-post status-publish format-standard has-post-thumbnail hentry category-blog\" data-id=\"4117\">\r\n\t\t<div class=\"w-grid-item-h\">\r\n\t\t\t\t\t\t<div class=\"w-vwrapper usg_vwrapper_2 align_none valign_top\"><div class=\"w-post-elm post_image usg_post_image_1 has_width has_height has_ratio\"><a href=\"https:\/\/zooprekes24.lt\/et\/kraikas-is-zirniu-lastelienos-kuo-jis-ypatingas\/\" aria-label=\"Kraikas i\u0161 \u017eirni\u0173 l\u0105stelienos. Kuo jis ypatingas? \ud83d\udc31\"><img loading=\"lazy\" decoding=\"async\" width=\"1024\" height=\"685\" src=\"https:\/\/zooprekes24.lt\/wp-content\/uploads\/FOTO-1-1024x685.png\" class=\"attachment-large size-large wp-post-image\" alt=\"Tofu ka\u010di\u0173 kraikas straipsnis\" \/><\/a><div style=\"padding-bottom:56.25%\"><\/div><\/div><\/div><div class=\"w-vwrapper usg_vwrapper_1 align_none valign_top\" style=\"--vwrapper-gap:25px\"><h3 class=\"w-post-elm post_title usg_post_title_1 entry-title color_link_inherit\"><a href=\"https:\/\/zooprekes24.lt\/et\/kraikas-is-zirniu-lastelienos-kuo-jis-ypatingas\/\">Kraikas i\u0161 \u017eirni\u0173 l\u0105stelienos. Kuo jis ypatingas? \ud83d\udc31<\/a><\/h3><div class=\"w-post-elm post_content usg_post_content_1\">R\u016bpindamiesi ypatinga ka\u010di\u0173 higiena ir siekdami u\u017etikrinti \u0161varesn\u012f pasaul\u012f, norime Jus supa\u017eindi su nat\u016braliu, draugi\u0161ku aplinkai, suyran\u010diu tofu ka\u010di\u0173 kraiku. Kraikas yra pagamintas i\u0161 100% nat\u016bralios \u017eirni\u0173 l\u0105stelienos, jo sud\u0117tyje n\u0117ra joki\u0173 sintetini\u0173 pried\u0173 ir da\u017eikli\u0173. Mink\u0161ta kraiko tekst\u016bra patinka daugumai ka\u010di\u0173,&hellip;<\/div><\/div><div class=\"w-hwrapper usg_hwrapper_1 has_text_color align_justify valign_middle\"><div class=\"w-post-elm post_custom_field usg_post_custom_field_1 type_text author_name color_link_inherit\"><span class=\"w-post-elm-value\">Kotryna<\/span><\/div><div class=\"w-post-elm post_custom_field usg_post_custom_field_2 type_image author_photo color_link_inherit has_border_radius has_ratio\"><div style=\"padding-bottom:100%\"><\/div><img loading=\"lazy\" decoding=\"async\" width=\"256\" height=\"256\" src=\"https:\/\/zooprekes24.lt\/wp-content\/uploads\/d9e00b2fe8386558e2e7f8e0b287ce7e.png\" class=\"attachment-large size-large\" alt=\"D9e00b2fe8386558e2e7f8e0b287ce7e\" srcset=\"https:\/\/zooprekes24.lt\/wp-content\/uploads\/d9e00b2fe8386558e2e7f8e0b287ce7e.png 256w, https:\/\/zooprekes24.lt\/wp-content\/uploads\/d9e00b2fe8386558e2e7f8e0b287ce7e-150x150.png 150w, https:\/\/zooprekes24.lt\/wp-content\/uploads\/d9e00b2fe8386558e2e7f8e0b287ce7e-50x50.png 50w, https:\/\/zooprekes24.lt\/wp-content\/uploads\/d9e00b2fe8386558e2e7f8e0b287ce7e-100x100.png 100w\" sizes=\"auto, (max-width: 256px) 100vw, 256px\" \/><\/div><\/div>\t\t<\/div>\r\n\t\t\t<\/article>\r\n<\/div>\t<div class=\"w-grid-preloader\">\r\n\t\t<div class=\"g-preloader type_1\">\r\n\t\t\t<div><\/div>\r\n\t\t<\/div>\r\n\t<\/div>\r\n\t\t<div class=\"w-grid-json hidden\" onclick='return {&quot;action&quot;:&quot;us_ajax_grid&quot;,&quot;infinite_scroll&quot;:0,&quot;max_num_pages&quot;:1,&quot;pagination&quot;:&quot;none&quot;,&quot;template_vars&quot;:{&quot;columns&quot;:&quot;2&quot;,&quot;exclude_items&quot;:&quot;none&quot;,&quot;img_size&quot;:&quot;default&quot;,&quot;ignore_items_size&quot;:0,&quot;items_layout&quot;:&quot;429&quot;,&quot;items_offset&quot;:&quot;1&quot;,&quot;load_animation&quot;:&quot;none&quot;,&quot;overriding_link&quot;:&quot;{\\&quot;url\\&quot;:\\&quot;\\&quot;}&quot;,&quot;post_id&quot;:0,&quot;query_args&quot;:{&quot;post_type&quot;:[&quot;post&quot;],&quot;post_status&quot;:[&quot;publish&quot;,&quot;acf-disabled&quot;,&quot;wc-mon-part-refund&quot;,&quot;wc-paruostas&quot;,&quot;wc-atsiimtas&quot;,&quot;wc-mon-label-printed&quot;],&quot;posts_per_page&quot;:&quot;32&quot;},&quot;orderby_query_args&quot;:{&quot;orderby&quot;:&quot;custom_field&quot;,&quot;meta_key&quot;:&quot;order&quot;,&quot;order&quot;:&quot;ASC&quot;},&quot;type&quot;:&quot;grid&quot;,&quot;us_grid_post_type&quot;:&quot;post&quot;,&quot;us_grid_ajax_index&quot;:1,&quot;us_grid_filter_query_string&quot;:null,&quot;us_grid_index&quot;:1,&quot;page_args&quot;:[]}}'><\/div>\r\n\t<\/div><\/div><\/div><\/div><\/div><\/section>\n","protected":false},"excerpt":{"rendered":"","protected":false},"author":3929,"featured_media":0,"parent":0,"menu_order":0,"comment_status":"closed","ping_status":"closed","template":"","meta":{"_acf_changed":false,"slim_seo":{"title":"Kraikas i\u0161 \u017eirni\u0173 l\u0105stelienos. Kuo jis ypatingas? \ud83d\udc31 - Zooprekes24","description":"Osana meie murest kasside erilise h\u00fcgieeni p\u00e4rast ja puhtama maailma tagamiseks soovime tutvustada teile looduslikku, keskkonnas\u00f5bralikku, lagunevat tofupesu."},"iawp_total_views":17,"footnotes":""},"class_list":["post-32975","page","type-page","status-publish","hentry"],"acf":[],"_links":{"self":[{"href":"https:\/\/zooprekes24.lt\/et\/wp-json\/wp\/v2\/pages\/32975","targetHints":{"allow":["GET"]}}],"collection":[{"href":"https:\/\/zooprekes24.lt\/et\/wp-json\/wp\/v2\/pages"}],"about":[{"href":"https:\/\/zooprekes24.lt\/et\/wp-json\/wp\/v2\/types\/page"}],"author":[{"embeddable":true,"href":"https:\/\/zooprekes24.lt\/et\/wp-json\/wp\/v2\/users\/3929"}],"replies":[{"embeddable":true,"href":"https:\/\/zooprekes24.lt\/et\/wp-json\/wp\/v2\/comments?post=32975"}],"version-history":[{"count":2,"href":"https:\/\/zooprekes24.lt\/et\/wp-json\/wp\/v2\/pages\/32975\/revisions"}],"predecessor-version":[{"id":32977,"href":"https:\/\/zooprekes24.lt\/et\/wp-json\/wp\/v2\/pages\/32975\/revisions\/32977"}],"wp:attachment":[{"href":"https:\/\/zooprekes24.lt\/et\/wp-json\/wp\/v2\/media?parent=32975"}],"curies":[{"name":"wp","href":"https:\/\/api.w.org\/{rel}","templated":true}]}}