{"id":3,"date":"2024-03-13T20:23:12","date_gmt":"2024-03-13T20:23:12","guid":{"rendered":"https:\/\/zooprekes24.lt\/?page_id=3"},"modified":"2024-08-07T20:57:09","modified_gmt":"2024-08-07T17:57:09","slug":"privaatsuspoliitika","status":"publish","type":"page","link":"https:\/\/zooprekes24.lt\/et\/mano-paskyra\/privatumo-politika\/","title":{"rendered":"Privaatsuspoliitika"},"content":{"rendered":"<section class=\"l-section wpb_row height_medium\"><div class=\"l-section-h i-cf\"><div class=\"g-cols vc_row via_grid cols_1-4-1 laptops-cols_inherit tablets-cols_inherit mobiles-cols_1 valign_top type_default stacking_default\"><div class=\"wpb_column vc_column_container\"><div class=\"vc_column-inner\"><\/div><\/div><div class=\"wpb_column vc_column_container\"><div class=\"vc_column-inner\"><div class=\"wpb_text_column\"><div class=\"wpb_wrapper\"><h2 class=\"vc_custom_heading m-b-md align-left\" style=\"text-align: left;\"><strong>Privaatsuspoliitika<\/strong><\/h2>\n<p>&nbsp;<\/p>\n<div class=\"wpb_text_column wpb_content_element lead\">\n<div class=\"wpb_wrapper\">\n<p><b>1. ZOOPREKES24.LT \u00dcLDS\u00c4TTED<\/b><\/p>\n<\/div>\n<p>&nbsp;<\/p>\n<\/div>\n<div class=\"wpb_text_column wpb_content_element\">\n<div class=\"wpb_wrapper\">\n<p><strong>1.1.<\/strong>\u00a0K\u00e4esolevad privaatsustingimused (\"Tingimused\") reguleerivad p\u00f5hiprintsiipe ja menetlusi, mille alusel m\u00fc\u00fcja (\"meie\") t\u00f6\u00f6tleb klientide (\"teie\") isikuandmeid veebipoes (\"zooprekes24.lt\").<br \/><strong>1.2.<\/strong>\u00a0Teie isikuandmete t\u00f6\u00f6tlemist reguleerivad k\u00e4esolevad tingimused, Leedu Vabariigi isikuandmete \u00f5igusliku kaitse seadus ja muud selliste andmete kogumist reguleerivad \u00f5igusaktid.<br \/><strong>1.3.<\/strong>\u00a0Kohustume m\u00fc\u00fcma f\u00fc\u00fcsilistele isikutele, kes on v\u00e4hemalt 18-aastased. Kui olete alla 18-aastane, v\u00f5ite osta ainult oma vanema v\u00f5i eestkostja n\u00f5usolekul.<\/p>\n<p>&nbsp;<\/p>\n<\/div>\n<\/div>\n<div class=\"wpb_text_column wpb_content_element lead\">\n<div class=\"wpb_wrapper\">\n<p><b>2. V\u00d5ISTLUST\u00d6\u00d6DE ESITAMISE REEGLID<\/b><\/p>\n<\/div>\n<p>&nbsp;<\/p>\n<\/div>\n<div class=\"wpb_text_column wpb_content_element\">\n<div class=\"wpb_wrapper\">\n<p><strong>2.1.<\/strong>\u00a0Registreerimisvormil peate esitama enda kohta t\u00e4ieliku, t\u00e4ieliku ja \u00f5ige teabe. Kui esitate registreerimisvormil ebat\u00e4pseid, valesid v\u00f5i eksitavaid andmeid, on meil \u00f5igus teie registreerimine t\u00fchistada ja teie andmed kustutada v\u00f5i piirata teie juurdep\u00e4\u00e4su zooprekes24.lt-le.<br \/><strong>2.2.<\/strong>\u00a0Tunnistame ja austame iga zooprekes24.lt k\u00fclastava isiku \u00f5igust eraelu puutumatusele. Me kogume ja kasutame isikuandmeid (nimi, aadress, telefoninumber, e-posti aadress ja muu registreerimisvormil esitatud teave) selleks, et:<br \/><strong>a)<\/strong>\u00a0teie kaupade v\u00f5i teenuste tellimuste t\u00f6\u00f6tlemiseks;\u00a0<br \/><strong>b)<\/strong>\u00a0lahendada tarneprobleemid;\u00a0<br \/><strong>c)<\/strong>\u00a0t\u00e4ita muid lepingulisi kohustusi.<br \/><strong>2.3.<\/strong>\u00a0Isikuandmeid t\u00f6\u00f6deldakse turvaliste vahendite abil, mis kaitsevad neid loata h\u00e4vitamise, avalikustamise v\u00f5i muu ebaseadusliku tegevuse eest.<br \/><strong>2.4.<\/strong>\u00a0Me v\u00f5ime kasutada teie mitte-isikuandmeid, st teie ostudega seotud andmeid, statistilistel eesm\u00e4rkidel. Selline statistiliste andmete kogumine ei v\u00f5imalda meil teid otseselt v\u00f5i kaudselt tuvastada. Me j\u00e4tame endale \u00f5iguse edastada statistilisi andmeid kolmandale isikule.<\/p>\n<p>&nbsp;<\/p>\n<\/div>\n<\/div>\n<div class=\"wpb_text_column wpb_content_element lead\">\n<div class=\"wpb_wrapper\">\n<p><b>3. ISIKUANDMETE EDASTAMINE KOLMANDATELE ISIKUTELE<\/b><\/p>\n<\/div>\n<p>&nbsp;<\/p>\n<\/div>\n<div class=\"wpb_text_column wpb_content_element\">\n<div class=\"wpb_wrapper\">\n<p><strong>3.1.\u00a0<\/strong>Meil on \u00f5igus edastada teavet kolmandatele isikutele ainult punktis 2.2 nimetatud eesm\u00e4rkidel.<br \/><strong>3.2.\u00a0<\/strong>Me ei edasta teie isikuandmeid kolmandatele isikutele ilma teie selges\u00f5nalise n\u00f5usolekuta, v\u00e4lja arvatud Leedu Vabariigi seadusega s\u00e4testatud juhtudel.<\/p>\n<p>&nbsp;<\/p>\n<\/div>\n<\/div>\n<div class=\"wpb_text_column wpb_content_element lead\">\n<div class=\"wpb_wrapper\">\n<p><b>4. ISIKUANDMETE MUUTMINE JA AJAKOHASTAMINE<\/b><\/p>\n<\/div>\n<p>&nbsp;<\/p>\n<\/div>\n<div class=\"wpb_text_column wpb_content_element\">\n<div class=\"wpb_wrapper\">\n<p><strong>4.1.<\/strong>\u00a0Teil on \u00f5igus muuta ja ajakohastada tarnevormi andmeid.<br \/><strong>4.2.<\/strong>\u00a0Meil peab olema teie kohta t\u00e4ielik, t\u00e4ielik ja ajakohane teave, et me saaksime t\u00f5husalt vastata teie n\u00f5uetele ja ootustele.<\/p>\n<p>&nbsp;<\/p>\n<\/div>\n<\/div>\n<div class=\"wpb_text_column wpb_content_element lead\">\n<div class=\"wpb_wrapper\">\n<p><b>5. TEABE V\u00d5I N\u00d5UDE EDASTAMINE<\/b><\/p>\n<\/div>\n<p>&nbsp;<\/p>\n<\/div>\n<div class=\"wpb_text_column wpb_content_element\">\n<div class=\"wpb_wrapper\">\n<p><strong>5.1.<\/strong>\u00a0K\u00f5ik isikuandmete t\u00f6\u00f6tlemisega seotud teated saadetakse e-posti teel.<br \/><strong>5.2.<\/strong>\u00a0Me vastame sellisel kujul, nagu me teate v\u00f5i n\u00f5ude saime.<\/p>\n<p>&nbsp;<\/p>\n<\/div>\n<\/div>\n<div class=\"wpb_text_column wpb_content_element lead\">\n<div class=\"wpb_wrapper\">\n<p><b>6. ISIKUANDMETE T\u00d6\u00d6TLEMINE<\/b><\/p>\n<\/div>\n<p>&nbsp;<\/p>\n<\/div>\n<div class=\"wpb_text_column wpb_content_element\">\n<div class=\"wpb_wrapper\">\n<p><strong>6.1.<\/strong>\u00a0Te annate oma n\u00f5usoleku registreerimisvormil vabatahtlikult esitatud isikuandmete t\u00f6\u00f6tlemiseks vastavalt k\u00e4esolevatele eeskirjadele.<\/p>\n<p>&nbsp;<\/p>\n<\/div>\n<\/div>\n<div class=\"wpb_text_column wpb_content_element lead\">\n<div class=\"wpb_wrapper\">\n<p><b>7. EESKIRJADE MUUTMINE<\/b><\/p>\n<\/div>\n<p>&nbsp;<\/p>\n<\/div>\n<div class=\"wpb_text_column wpb_content_element\">\n<div class=\"wpb_wrapper\">\n<p><strong><a name=\"_GoBack\"><\/a><\/strong><strong>7.1.<\/strong>\u00a0Meil on \u00f5igus muuta privaatsuspoliitikat osaliselt v\u00f5i t\u00e4ielikult, teavitades teid sellest zooprekes24.lt veebilehel.<br \/><strong>7.2.<\/strong>\u00a0Kui j\u00e4tkate zooprekes24.lt teenuste edukat kasutamist p\u00e4rast neid muudatusi, siis registreerime automaatselt, et olete tingimuste muudatustega n\u00f5ustunud.<\/p>\n<p>&nbsp;<\/p>\n<\/div>\n<\/div>\n<div class=\"wpb_text_column wpb_content_element lead\">\n<div class=\"wpb_wrapper\">\n<p><b>8. L\u00d5PPS\u00c4TTED<\/b><\/p>\n<\/div>\n<p>&nbsp;<\/p>\n<\/div>\n<div class=\"wpb_text_column wpb_content_element\">\n<div class=\"wpb_wrapper\">\n<p><strong>8.1.<\/strong>\u00a0K\u00e4esolevad privaatsustingimused on reguleeritud Leedu Vabariigi seadustega.<br \/><strong>8.2.<\/strong>\u00a0K\u00f5ik erimeelsused seoses nende eeskirjade rakendamisega lahendatakse l\u00e4bir\u00e4\u00e4kimiste teel. Kui kokkuleppele ei j\u00f5uta, lahendatakse erimeelsused Leedu Vabariigi seadustega kehtestatud korras.<\/p>\n<\/div>\n<\/div>\n<\/div><\/div><\/div><\/div><div class=\"wpb_column vc_column_container\"><div class=\"vc_column-inner\"><\/div><\/div><\/div><\/div><\/section>","protected":false},"excerpt":{"rendered":"","protected":false},"author":381,"featured_media":0,"parent":15,"menu_order":0,"comment_status":"closed","ping_status":"closed","template":"","meta":{"_acf_changed":false,"slim_seo":{"title":"Privatumo politika - Zooprekes24","description":"Privaatsuspoliitika 1. ZOOPREKES24.LT \u00dcLDS\u00c4TTED 1.1."},"iawp_total_views":162,"footnotes":""},"class_list":["post-3","page","type-page","status-publish","hentry"],"acf":[],"_links":{"self":[{"href":"https:\/\/zooprekes24.lt\/et\/wp-json\/wp\/v2\/pages\/3","targetHints":{"allow":["GET"]}}],"collection":[{"href":"https:\/\/zooprekes24.lt\/et\/wp-json\/wp\/v2\/pages"}],"about":[{"href":"https:\/\/zooprekes24.lt\/et\/wp-json\/wp\/v2\/types\/page"}],"author":[{"embeddable":true,"href":"https:\/\/zooprekes24.lt\/et\/wp-json\/wp\/v2\/users\/381"}],"replies":[{"embeddable":true,"href":"https:\/\/zooprekes24.lt\/et\/wp-json\/wp\/v2\/comments?post=3"}],"version-history":[{"count":0,"href":"https:\/\/zooprekes24.lt\/et\/wp-json\/wp\/v2\/pages\/3\/revisions"}],"up":[{"embeddable":true,"href":"https:\/\/zooprekes24.lt\/et\/wp-json\/wp\/v2\/pages\/15"}],"wp:attachment":[{"href":"https:\/\/zooprekes24.lt\/et\/wp-json\/wp\/v2\/media?parent=3"}],"curies":[{"name":"wp","href":"https:\/\/api.w.org\/{rel}","templated":true}]}}