{"id":25,"date":"2024-03-15T16:31:42","date_gmt":"2024-03-15T13:31:42","guid":{"rendered":"https:\/\/zooprekes24.lt\/?page_id=25"},"modified":"2025-09-18T16:33:38","modified_gmt":"2025-09-18T14:33:38","slug":"kaupade-tarnimine","status":"publish","type":"page","link":"https:\/\/zooprekes24.lt\/et\/prekiu-pristatymas\/","title":{"rendered":"Kaupade tarnimine"},"content":{"rendered":"<section class=\"l-section wpb_row height_medium\"><div class=\"l-section-h i-cf\"><div class=\"g-cols vc_row via_grid cols_1-4-1 laptops-cols_inherit tablets-cols_inherit mobiles-cols_1 valign_top type_default stacking_default\"><div class=\"wpb_column vc_column_container\"><div class=\"vc_column-inner\"><\/div><\/div><div class=\"wpb_column vc_column_container\"><div class=\"vc_column-inner\"><h2 class=\"w-text us_custom_064d3121\"><span class=\"w-text-h\"><span class=\"w-text-value\">Kaupade tarnimine<\/span><\/span><\/h2><div class=\"w-separator size_custom\" style=\"height:2vmax\"><\/div><div class=\"wpb_text_column\"><div class=\"wpb_wrapper\"><div class=\"wpb_text_column wpb_content_element\">\n<div class=\"wpb_wrapper\">\n<p><strong>TARNEVIISID<\/strong><\/p>\n<p><img loading=\"lazy\" decoding=\"async\" class=\"alignnone wp-image-26331\" src=\"https:\/\/zooprekes24.lt\/wp-content\/uploads\/naujas-siuntu.jpg\" width=\"400\" height=\"269\" \/><\/p>\n<p>P\u00e4rast kinnitamist on teie tellimus valmis\u00a0<strong>1 - 4 t\u00f6\u00f6p\u00e4eva<\/strong>\u00a0ja tarnitakse mis tahes Leedu linna. Saadame kauba posti v\u00f5i kulleriga teie koju, kontorisse v\u00f5i m\u00f5nda muusse teile sobivasse kohta, s\u00f5ltuvalt valitud tarneviisist. Pange t\u00e4hele, et\u00a0<strong>nii kuller- kui ka postiteenuste puhul v\u00f5ib tellimuse toimetada kohale mitmes saadetises, kui maksimaalne kogus on \u00fcletatud.<\/strong>\u00a0<strong>30 kg<\/strong>\u00a0<strong>saadetised<\/strong>\u00a0<strong>kaal (Omniva maksimaalne kaal 25 kg) ja paki maksimaalsed m\u00f5\u00f5tmed:<\/strong><\/p>\n<ul>\n<li>Omniva postkontor: 39 cm (k\u00f5rgus) x 38 cm (laius) x 64 cm (s\u00fcgavus)<\/li>\n<li>Venipak postkontor: 41 cm (k\u00f5rgus) x 39,5 cm (laius) x 61 cm (s\u00fcgavus)<\/li>\n<\/ul>\n<p><strong>ESITAMINE\u00a0<\/strong><strong>POSTKONTORISSE<\/strong><\/p>\n<p><strong>1. Kohaletoimetamine Omniva postkontorisse<\/strong><\/p>\n<p><strong><img loading=\"lazy\" decoding=\"async\" class=\"alignnone wp-image-26332\" src=\"https:\/\/zooprekes24.lt\/wp-content\/uploads\/Omniva-pastomatas.jpg\" alt=\"\" width=\"401\" height=\"265\" srcset=\"https:\/\/zooprekes24.lt\/wp-content\/uploads\/Omniva-pastomatas.jpg 1160w, https:\/\/zooprekes24.lt\/wp-content\/uploads\/Omniva-pastomatas-300x199.jpg 300w, https:\/\/zooprekes24.lt\/wp-content\/uploads\/Omniva-pastomatas-1024x678.jpg 1024w, https:\/\/zooprekes24.lt\/wp-content\/uploads\/Omniva-pastomatas-600x397.jpg 600w, https:\/\/zooprekes24.lt\/wp-content\/uploads\/Omniva-pastomatas-64x42.jpg 64w\" sizes=\"auto, (max-width: 401px) 100vw, 401px\" \/><\/strong><\/p>\n<p><strong>1.1 Tellimus toimetatakse postkontorisse Omniva pakiautomaadiga:\u00a0<\/strong>Teie tellimus saadetakse teie valitud Omniva postkontorisse. Tarneaeg\u00a0<strong>1 - 2 t\u00f6\u00f6p\u00e4eva<\/strong>\u00a0p\u00e4rast kauba l\u00e4hetamist. Kui kaup on toimetatud postkontorisse, teavitatakse saajat SMSi ja\/v\u00f5i e-posti teel. S\u00f5num sisaldab kogu vajalikku teavet paki k\u00e4ttesaamiseks postkontorist.\u00a0<strong>Saadetisi hoitakse 7 p\u00e4eva.<\/strong><\/p>\n<p><strong>1.2. Kohaletoimetamise hind Omniva postkontorisse k\u00e4ttetoimetamise korral:<\/strong>\u00a0Tellimused v\u00e4\u00e4rtusega<strong>\u00a045 Eur<\/strong>\u00a0ja muud, toimetatakse Omniva postkontoritesse kogu Leedus.\u00a0<strong>TASUTA<\/strong>. Alla 45 euro suuruste tellimuste puhul kohaldatakse j\u00e4rgmist.<strong>\u00a02,50 Eur<\/strong>\u00a0k\u00e4ttetoimetamise tasu k\u00f5ikidele Leedu Omniva postkontoritele k\u00e4ttetoimetamise eest. Tellimusi ei toimetata v\u00e4lja n\u00e4dalavahetustel ja riigip\u00fchadel.<\/p>\n<p><strong><em>* Kui te n\u00e4ete teile sobiva postiautomaadi k\u00f5rval s\u00f5nu \"REFILLED\", soovitame valida teise postiautomaadi. V\u00e4hem h\u00f5ivatud postkontoreid n\u00e4ete\u00a0<\/em><\/strong><strong><u><a href=\"https:\/\/www.omniva.lt\/verslo\/pastomatu_adresai\/vietos\" target=\"_blank\" rel=\"noopener\"><em>siin<\/em><\/a><\/u><\/strong><strong><em>.<\/em><\/strong><\/p>\n<p><strong>2. Pristatymas \u012f Venipak pa\u0161tomat\u0105<\/strong><\/p>\n<p><strong><img loading=\"lazy\" decoding=\"async\" class=\"alignnone wp-image-26334\" src=\"https:\/\/zooprekes24.lt\/wp-content\/uploads\/Venipak-pastomatas.png\" alt=\"\" width=\"401\" height=\"265\" srcset=\"https:\/\/zooprekes24.lt\/wp-content\/uploads\/Venipak-pastomatas.png 1160w, https:\/\/zooprekes24.lt\/wp-content\/uploads\/Venipak-pastomatas-300x199.png 300w, https:\/\/zooprekes24.lt\/wp-content\/uploads\/Venipak-pastomatas-1024x678.png 1024w, https:\/\/zooprekes24.lt\/wp-content\/uploads\/Venipak-pastomatas-600x397.png 600w, https:\/\/zooprekes24.lt\/wp-content\/uploads\/Venipak-pastomatas-64x42.png 64w\" sizes=\"auto, (max-width: 401px) 100vw, 401px\" \/><\/strong><\/p>\n<p><strong>2.1. U\u017esakym\u0105 pristato \u012f pa\u0161tomat\u0105, Venipak siunt\u0173 tarnyba: <\/strong>Teie tellimus saadetakse teie valitud Venipaki postkontorisse. Tarneaeg\u00a0<strong>1 t\u00f6\u00f6p\u00e4ev<\/strong><strong>a<\/strong>\u00a0p\u00e4rast kauba l\u00e4hetamist. Kui kaup on toimetatud postkontorisse, teavitatakse sellest saajat SMSiga. S\u00f5num sisaldab kogu vajalikku teavet paki k\u00e4ttesaamiseks postkontorist.\u00a0<strong>Saadetisi hoitakse 7 t\u00f6\u00f6p\u00e4eva.<\/strong><\/p>\n<p><strong>2.2. Pristatymo kaina pristatant \u012f Venipak pa\u0161tomat\u0105:<\/strong>\u00a0Tellimused v\u00e4\u00e4rtusega<strong>\u00a045 Eur<\/strong>\u00a0ja palju muud, mis toimetatakse Venipaki postkontoritesse kogu Leedus.\u00a0<strong>TASUTA<\/strong>. Alla 45 euro suuruste tellimuste puhul kohaldatakse j\u00e4rgmist.<strong>\u00a02,30 Eur<\/strong>\u00a0kohaletoimetamise tasu k\u00f5ikidele Venipaki postkontoritele Leedus. Tarned toimuvad esmasp\u00e4evast reedeni, kella 8-17. Laup\u00e4eviti toimuvad tarned ainult Leedu suuremates linnades Vilniuses, Kaunases, Klaip\u0117das, \u0160iauliais, Panev\u0117\u017eys ja Alytuses. Tellimusi ei toimetata v\u00e4lja riigip\u00fchadel.<\/p>\n<p><strong>ESITAMINE\u00a0<\/strong><strong>V\u00c4\u00c4RTUS<\/strong><\/p>\n<p><strong>1. Venipak kullerteenuse kaudu koju toimetamine kogu Leedus.<\/strong><\/p>\n<p><strong><img loading=\"lazy\" decoding=\"async\" class=\"alignnone wp-image-26335\" src=\"https:\/\/zooprekes24.lt\/wp-content\/uploads\/Venipak-kurjeris.png\" alt=\"\" width=\"401\" height=\"265\" srcset=\"https:\/\/zooprekes24.lt\/wp-content\/uploads\/Venipak-kurjeris.png 1160w, https:\/\/zooprekes24.lt\/wp-content\/uploads\/Venipak-kurjeris-300x199.png 300w, https:\/\/zooprekes24.lt\/wp-content\/uploads\/Venipak-kurjeris-1024x678.png 1024w, https:\/\/zooprekes24.lt\/wp-content\/uploads\/Venipak-kurjeris-600x397.png 600w, https:\/\/zooprekes24.lt\/wp-content\/uploads\/Venipak-kurjeris-64x42.png 64w\" sizes=\"auto, (max-width: 401px) 100vw, 401px\" \/><\/strong><\/p>\n<p><strong>1.1.<\/strong>\u00a0<strong>Teie tellimus toimetatakse Venipaki kullerteenuse kaudu kogu Leetu:<\/strong>\u00a0Kaup toimetatakse teie koju, kontorisse v\u00f5i mujale igal t\u00f6\u00f6p\u00e4eval vahemikus 08:00-17:00. Tarneaeg\u00a0<strong>1 - 2 t\u00f6\u00f6p\u00e4eva<\/strong>\u00a0p\u00e4rast kauba l\u00e4hetamist. Kuller v\u00f5tab teiega \u00fchendust teie antud kontakttelefonil ja teavitab teid oma saabumisest enne kauba kohaletoimetamist. Kui kliendile on mugavam, v\u00f5ib kuller pakkuda kauba j\u00e4tmist l\u00e4himasse Venipaki postkontorisse v\u00f5i vastuv\u00f5tupunkti. Kui ei ole kokku lepitud teisiti, antakse tellitud kaup \u00fcle ainult sellele isikule, kes selle tellis. Palun kontrollige enne paki vastuv\u00f5tmist selle seisukorda (see ei tohi olla avatud, rebenenud v\u00f5i muul viisil kahjustatud). Kui pakend on kahjustatud, teavitage sellest viivitamatult kullerit, \u00e4rge v\u00f5tke pakki vastu ja teatage sellest meile aadressil +37062400666. Kui te v\u00f5tate kahjustatud paki vastu ja ei m\u00e4rka seda, loetakse see kahjustusteta k\u00e4ttetoimetatuks.<\/p>\n<p><strong>1.2. Venipak pakiteenuse kullerteenuse k\u00e4ttetoimetamise hind:<\/strong>\u00a0Tellimused v\u00e4\u00e4rtusega\u00a0<strong>99 Eur<\/strong>\u00a0ja palju muud, mis toimetatakse \u00fcle kogu Leedu\u00a0<strong>TASUTA<\/strong>v\u00e4lja arvatud Kuramaa s\u00fclda. Alla 99 euro suuruste tellimuste puhul kohaldatakse j\u00e4rgmist.\u00a0<strong>4,50 Eur<\/strong>\u00a0kohaletoimetamise tasu kogu Leedus, v\u00e4lja arvatud Kuramaa. Tellimusi ei toimetata kohale n\u00e4dalavahetustel ja riigip\u00fchadel.<\/p>\n<p><strong><em>T\u00c4HELEPANU! Etten\u00e4gematud asjaolud, nagu suurenenud mahud kampaaniaperioodidel, p\u00fchade ajal (eriti j\u00f5ulud ja uusaasta), logistilised vead vedajal, eba\u00f5iged saatmisandmed jne, v\u00f5ivad viivitada kohaletoimetamisega.<\/em><\/strong><\/p>\n<p><strong><em>Kui m\u00e4rkate, et olete teinud vea oma tarneandmetes, teavitage meid sellest v\u00f5imalikult kiiresti, helistades klienditeeninduse telefonil +37062400666 v\u00f5i saates e-kirja aadressil klientams@zooprekes24.lt.<\/em><\/strong><\/p>\n<p><strong>V\u00c4LJAV\u00d5TMISMEETODID<\/strong><\/p>\n<p>Valmistame teie tellimuse ette meie laost k\u00e4ttesaamiseks.\u00a0<strong>Vilnius<\/strong>\u00a026 \u0160e\u0161kin\u0117s St. (sisehoov, tagumine kaldtee paremal)\u00a0<strong><a href=\"https:\/\/goo.gl\/maps\/AEN1P6UvTFMw1ynd6\" target=\"_blank\" rel=\"noopener\">vaata kaardil<\/a><\/strong>, lao lahtiolekuajad: I-V: 10:00 - 19:00,\u00a0<strong>VI-VII: Suletud\u00a0<\/strong>Pange t\u00e4hele, et riigip\u00fchadel on ladu suletud. Suletud p\u00e4evade nimekirja leiate aadressilt\u00a0<strong><u><a href=\"https:\/\/day.lt\/sventes\/nedarbo\" target=\"_blank\" rel=\"noopener\">siin<\/a><\/u>.<\/strong><\/p>\n<p><strong>1. Kogumine laost<\/strong><\/p>\n<p><img loading=\"lazy\" decoding=\"async\" class=\"alignnone wp-image-26336\" src=\"https:\/\/zooprekes24.lt\/wp-content\/uploads\/Siunta-atsiemimui.png\" alt=\"\" width=\"401\" height=\"267\" srcset=\"https:\/\/zooprekes24.lt\/wp-content\/uploads\/Siunta-atsiemimui.png 1160w, https:\/\/zooprekes24.lt\/wp-content\/uploads\/Siunta-atsiemimui-300x200.png 300w, https:\/\/zooprekes24.lt\/wp-content\/uploads\/Siunta-atsiemimui-1024x683.png 1024w, https:\/\/zooprekes24.lt\/wp-content\/uploads\/Siunta-atsiemimui-600x400.png 600w, https:\/\/zooprekes24.lt\/wp-content\/uploads\/Siunta-atsiemimui-64x43.png 64w\" sizes=\"auto, (max-width: 401px) 100vw, 401px\" \/><\/p>\n<p>Tellimuse k\u00e4ttesaamine ZOOPREKES24 laos on<strong>TASUTA<\/strong>. Tooted\u00a0<strong>valmis kogumiseks 2 - 5 t\u00f6\u00f6p\u00e4eva jooksul<\/strong>\u00a0ja neid hoitakse 7 kalendrip\u00e4eva alates hetkest, mil saate kinnitava tekstis\u00f5numi, et toode on valmis k\u00e4ttesaamiseks. Kauba v\u00f5ib k\u00e4tte saada ka keegi teine kui tellimuse teinud isik. Kauba k\u00e4ttesaamisel peate meile teatama tellimuse numbri ja tellimuse teinud isiku nime. Kauba k\u00e4ttesaamine on v\u00f5imalik ainult siis, kui olete kauba eest veebipoes eelnevalt tasunud.<\/p>\n<p><strong>1.1 Millal ma saan oma tellimuse tagasi v\u00f5tta?<\/strong><\/p>\n<p>Saate tulla oma tellimusele j\u00e4rele alles siis, kui olete saanud SMS-teate, et teie tellimus on valmis k\u00e4ttesaamiseks. Tellimusele saab j\u00e4rele tulla 7 kalendrip\u00e4eva jooksul p\u00e4rast teate saamist.<\/p>\n<p><strong>1.2 Kuidas mind teavitatakse, kui minu tellimus on valmis?<\/strong><\/p>\n<p>Teavitame teid SMS-i teel, kui teie tellimus on kogumiseks valmis.\u00a0<strong>Kui te ei saa tekstis\u00f5numit ja j\u00f5uate lattu varem, ei ole teie tellimus valmis ja te ei saa seda k\u00e4tte.<\/strong><\/p>\n<p><strong>1.3 Kui kaua pean ma oma tellimuse k\u00e4ttesaamiseks kohale j\u00f5udma?<\/strong><\/p>\n<p>Tellige alates\u00a0<strong>tuleb koguda 7 kalendrip\u00e4eva jooksul<\/strong>\u00a0alates SMSi k\u00e4ttesaamisest. Kui tellimus ei ole t\u00e4htaja jooksul k\u00e4tte saadud, t\u00fchistatakse tellimus ja tellitud kaup tagastatakse riiulile. Tellimuse saab ZOOPREKES24 laost k\u00e4tte ainult lao lahtiolekuaegadel. Lahtiolekuajad on leitavad aadressil\u00a0<strong><u><a href=\"https:\/\/zooprekes24.lt\/et\/kontakt\/\">siin<\/a><\/u>.\u00a0<\/strong><\/p>\n<\/div>\n<\/div>\n<\/div><\/div><\/div><\/div><div class=\"wpb_column vc_column_container\"><div class=\"vc_column-inner\"><\/div><\/div><\/div><\/div><\/section>","protected":false},"excerpt":{"rendered":"","protected":false},"author":381,"featured_media":0,"parent":0,"menu_order":0,"comment_status":"closed","ping_status":"closed","template":"","meta":{"_acf_changed":false,"slim_seo":{"title":"Preki\u0173 pristatymas - Zooprekes24","description":"L\u00c4HETAMISE MEETODID P\u00e4rast kinnitust valmistame teie tellimuse ette 1 - 4 t\u00f6\u00f6p\u00e4eva jooksul ja saadame selle mis tahes Leedu linna. Me saadame kauba p"},"iawp_total_views":4301,"footnotes":""},"class_list":["post-25","page","type-page","status-publish","hentry"],"acf":[],"_links":{"self":[{"href":"https:\/\/zooprekes24.lt\/et\/wp-json\/wp\/v2\/pages\/25","targetHints":{"allow":["GET"]}}],"collection":[{"href":"https:\/\/zooprekes24.lt\/et\/wp-json\/wp\/v2\/pages"}],"about":[{"href":"https:\/\/zooprekes24.lt\/et\/wp-json\/wp\/v2\/types\/page"}],"author":[{"embeddable":true,"href":"https:\/\/zooprekes24.lt\/et\/wp-json\/wp\/v2\/users\/381"}],"replies":[{"embeddable":true,"href":"https:\/\/zooprekes24.lt\/et\/wp-json\/wp\/v2\/comments?post=25"}],"version-history":[{"count":2,"href":"https:\/\/zooprekes24.lt\/et\/wp-json\/wp\/v2\/pages\/25\/revisions"}],"predecessor-version":[{"id":40564,"href":"https:\/\/zooprekes24.lt\/et\/wp-json\/wp\/v2\/pages\/25\/revisions\/40564"}],"wp:attachment":[{"href":"https:\/\/zooprekes24.lt\/et\/wp-json\/wp\/v2\/media?parent=25"}],"curies":[{"name":"wp","href":"https:\/\/api.w.org\/{rel}","templated":true}]}}