{"id":16,"date":"2024-03-15T16:34:19","date_gmt":"2024-03-15T13:34:19","guid":{"rendered":"https:\/\/zooprekes24.lt\/?page_id=16"},"modified":"2024-11-11T19:20:10","modified_gmt":"2024-11-11T16:20:10","slug":"ostutingimused","status":"publish","type":"page","link":"https:\/\/zooprekes24.lt\/et\/mano-paskyra\/pirkimo-taisykles-ir-salygos\/","title":{"rendered":"Ostutingimused"},"content":{"rendered":"<section class=\"l-section wpb_row height_medium\"><div class=\"l-section-h i-cf\"><div class=\"g-cols vc_row via_grid cols_1-4-1 laptops-cols_inherit tablets-cols_inherit mobiles-cols_1 valign_top type_default stacking_default\"><div class=\"wpb_column vc_column_container\"><div class=\"vc_column-inner\"><\/div><\/div><div class=\"wpb_column vc_column_container\"><div class=\"vc_column-inner\"><div class=\"wpb_text_column\"><div class=\"wpb_wrapper\"><h2 class=\"vc_custom_heading m-b-md align-left\" style=\"text-align: left;\"><strong>Tingimused<\/strong><\/h2>\n<div class=\"wpb_text_column wpb_content_element lead\">\n<div class=\"wpb_wrapper\">\n<p>&nbsp;<\/p>\n<p><b>1. \u00dcLDS\u00c4TTED<\/b><\/p>\n<\/div>\n<\/div>\n<div class=\"wpb_text_column wpb_content_element\">\n<div class=\"wpb_wrapper\">\n<p><strong>1.1. <\/strong>K\u00e4esolev dokument kujutab endast Pet Cura Balticum UAB (edaspidi \"M\u00fc\u00fcja\") ja Ostja (edaspidi \"Ostja\") (edaspidi \"Pooled\") vahelisi kaubandustingimusi (edaspidi \"Tingimused\"), milles on s\u00e4testatud Ostja ja M\u00fc\u00fcja \u00f5igused ja kohustused, kauba ostmise ja selle eest tasumise tingimused, kauba \u00fcleandmise ja tagastamise kord, poolte vastutus ning muud s\u00e4tted, mis on seotud kaupade ostmise ja m\u00fc\u00fcgiga e-poes www.zooprekes24.lt.<br \/>\n<strong>1.2.<\/strong> Zooprekes24.lt veebipood (edaspidi \"pood\") Tingimused kehtivad kliendile, kes teeb tellimuse kaupade ostmiseks zooprekes24 veebipoes aadressil www.zooprekes24.lt Telefoninumber ja e-posti aadress p\u00e4ringute tegemiseks: +37062400666, klientams@zooprekes24.lt.<br \/>\n<strong>1.3.<\/strong>\u00a0Zooprekes24.lt-l on \u00f5igus muuta poe reegleid. Kui klient teeb poes oste, sealhulgas tellimuse t\u00e4itmisel, kehtivad tellimuse esitamise ajal kehtivad Tingimused (nagu on m\u00e4rgitud tellimuse esitamise ajal).<br \/>\n<strong>1.4.<\/strong> Veebipoest www.zooprekes24.lt v\u00f5ivad osta k\u00f5ik t\u00e4isealised ja f\u00fc\u00fcsilised isikud, keda ei piira kohtuotsus, samuti 14-18-aastased alaealised, kes on n\u00f5usoleku saanud oma vanemate v\u00f5i eestkostja n\u00f5usolekul, v\u00e4lja arvatud juhul, kui nad ise oma sissetuleku \u00fcle iseseisvalt otsustavad.<br \/>\n<strong>1.5.<\/strong>\u00a0Tellimuse esitamisega kinnitab Ostja, et ta n\u00f5ustub kirjeldatud kaupade ostmise reeglitega ja tal on \u00f5igus osta kaupu e-poest vastavalt punktile 1. 2.<br \/>\n<strong>1.6.<\/strong>\u00a0Leping Ostja ja M\u00fc\u00fcja vahel loetakse s\u00f5lmituks hetkest, mil Ostja on e-poes loonud ostukorvi, m\u00e4rkinud tarneaadressi, valinud makseviisi ja lugenud M\u00fc\u00fcja reegleid (m\u00e4rkinud kasti) ning vajutanud nupule \"Maksa\".<br \/>\n<strong>1.7.<\/strong>\u00a0Ostja ja M\u00fc\u00fcja lepivad kokku, et p\u00e4rast seda, kui Ostja on teinud kauba tellimuse ja M\u00fc\u00fcja on selle kinnitanud, v\u00f5ib kauba hind muutuda, v\u00f5ttes arvesse kauba hinda m\u00f5jutavaid objektiivseid n\u00e4itajaid, n\u00e4iteks kauba omahinna t\u00f5us, tehniline viga infos\u00fcsteemides v\u00f5i kauba m\u00fc\u00fcgiga seotud lisakulud Ostjale (art.6.313, p.1). Kui ostja ei n\u00f5ustu sellisel juhul kaupa uue hinnaga ostma, on kummalgi poolel \u00f5igus kauba m\u00fc\u00fcgileping l\u00f5petada, teatades sellest teisele poolele. Pooled lepivad kokku, et k\u00e4esolevas l\u00f5ikes s\u00e4testatud korras ei tule ostu-m\u00fc\u00fcgilepingu l\u00f5petamisel kahju h\u00fcvitada.<br \/>\n<strong>1.8.<\/strong> Tingimustega n\u00f5ustudes n\u00f5ustub Ostja sellega, et kauba ostudokumendid - arved, mis on \u00fchtlasi ka kauba garantiit\u00f5endid, edastatakse Ostjale elektrooniliselt Ostja registreerimisvormil esitatud e-posti aadressile. Arve koostatakse ja saadetakse Ostjale automaatselt kohe p\u00e4rast tellimuse tasumist ja kinnitamist, kuid selle v\u00f5ib Ostjale soovi korral uuesti esitada eespool esitatud kujul. Ostjale esitatud arvel m\u00e4rgitakse valitud kaubad, kogus, tehtavad allahindlused, kauba l\u00f5plik hind, sealhulgas k\u00f5ik maksud, tarnekulud ja muud raamatupidamisalaste \u00f5igusaktidega n\u00f5utavad andmed.<\/p>\n<\/div>\n<\/div>\n<div class=\"wpb_text_column wpb_content_element lead\">\n<div class=\"wpb_wrapper\">\n<p>&nbsp;<\/p>\n<p><strong>2. ISIKUANDMETE KAITSE<\/strong><\/p>\n<\/div>\n<\/div>\n<div class=\"wpb_text_column wpb_content_element\">\n<div class=\"wpb_wrapper\">\n<p><strong>2.1.<\/strong>\u00a0Kaupade tellimisel e-poest zooprekes24.lt peab ostja esitama registreerimisel n\u00f5utud andmed.<br \/>\n<strong>2.2.<\/strong>\u00a0Ostja vastutab registreerimisel \u00f5igete andmete esitamise eest.<br \/>\n<strong>2.3.<\/strong>\u00a0Tellimuse esitamisega annab ostja n\u00f5usoleku tema poolt esitatud isikuandmete t\u00f6\u00f6tlemiseks tellimuste kontrollimiseks, tulemuste anal\u00fc\u00fcsiks ja otseturunduseks. Samuti annab ostja n\u00f5usoleku infos\u00f5numite saatmiseks ostja poolt esitatud e-posti aadressile v\u00f5i telefoninumbrile tellimuse t\u00e4itmiseks.<br \/>\n<strong>2.4.<\/strong>\u00a0E-poes registreerudes ja kaupu tellides kohustub Klient kaitsma ja mitte avaldama oma sisselogimisandmeid kellelegi.<br \/>\n<strong>2.5.<\/strong>\u00a0M\u00fc\u00fcja kohustub mitte avaldama Ostja isikuandmeid kolmandatele isikutele, v\u00e4lja arvatud Leedu Vabariigi \u00f5igusaktides s\u00e4testatud juhtudel.<br \/>\n<strong>2.6.<\/strong> Isikuandmeid k\u00e4sitlevaid \u00fcksikasjalikke eeskirju on kirjeldatud dokumendis <span style=\"text-decoration: underline;\"><span style=\"color: #11312c; text-decoration: underline;\"><a style=\"color: #11312c; text-decoration: underline;\" href=\"https:\/\/zooprekes24.lt\/et\/minu-konto\/privaatsuspoliitika\/\">Privaatsuspoliitika<\/a>.<\/span><\/span><\/p>\n<\/div>\n<\/div>\n<div class=\"wpb_text_column wpb_content_element lead\">\n<div class=\"wpb_wrapper\">\n<p>&nbsp;<\/p>\n<p><strong>3. OSTJA \u00d5IGUSED JA KOHUSTUSED<\/strong><\/p>\n<\/div>\n<\/div>\n<div class=\"wpb_text_column wpb_content_element\">\n<div class=\"wpb_wrapper\">\n<p><strong>3.1.<\/strong>\u00a0Ostjal on \u00f5igus osta kaupu e-poest www.zooprekes24.lt vastavalt k\u00e4esolevates tingimustes ja e-poe muudes teabeosades s\u00e4testatud korrale.<br \/>\n<strong>3.2.<\/strong>\u00a0Ostjal on \u00f5igus lepingust taganeda, teatades sellest M\u00fc\u00fcjale e-posti teel.<br \/>\n<strong>3.3.<\/strong>\u00a0Ostja kohustub tellitud kaubad vastu v\u00f5tma ja nende eest kokkulepitud hinda maksma.<br \/>\n<strong>3.4.<\/strong>\u00a0Kui Ostja registreerimisvormil esitatud andmed muutuvad, peab Ostja neid viivitamatult ajakohastama.<br \/>\n<strong>3.5.<\/strong>\u00a0Ostja kohustub mitte edastama oma sisselogimisandmeid kolmandatele isikutele. Kui ta kaotab oma sisselogimisandmed, peab ta sellest viivitamatult M\u00fc\u00fcjat teavitama.<br \/>\n<strong>3.6.<\/strong>\u00a0Tellimuse esitamisega e-poes www.zooprekes24.lt n\u00f5ustub ostja k\u00e4esolevate m\u00fc\u00fcgi- ja ostutingimustega ning kohustub neid j\u00e4rgima ja mitte rikkuma Leedu Vabariigi \u00f5igusakte.<\/p>\n<\/div>\n<\/div>\n<div class=\"wpb_text_column wpb_content_element lead\">\n<div class=\"wpb_wrapper\">\n<p>&nbsp;<\/p>\n<p><strong>4. M\u00dc\u00dcJA \u00d5IGUSED JA KOHUSTUSED<\/strong><\/p>\n<\/div>\n<\/div>\n<div class=\"wpb_text_column wpb_content_element\">\n<div class=\"wpb_wrapper\">\n<p><strong>4.1.<\/strong>\u00a0M\u00fc\u00fcja kohustub tagama k\u00f5ik tingimused, et Ostja saaks e-poes www.zooprekes24.lt pakutavaid teenuseid n\u00f5uetekohaselt kasutada.<br \/>\n<strong>4.2.<\/strong>\u00a0Kui Ostja \u00fcritab kahjustada e-poe stabiilsust ja turvalisust v\u00f5i rikub oma kohustusi, on M\u00fc\u00fcjal \u00f5igus viivitamatult ja ette teatamata piirata, peatada v\u00f5i l\u00f5petada Ostja juurdep\u00e4\u00e4s e-poele.<br \/>\n<strong>4.3.<\/strong>\u00a0M\u00fc\u00fcja kohustub austama Ostja \u00f5igust eraelu puutumatusele seoses Ostja registreerimisvormil esitatud isikuandmetega ja mitte avaldama neid kolmandatele isikutele.<br \/>\n<strong>4.4.<\/strong>\u00a0M\u00fc\u00fcja kohustub tarnima Ostja tellitud kauba Ostja poolt m\u00e4\u00e4ratud aadressil.<\/p>\n<\/div>\n<\/div>\n<div class=\"wpb_text_column wpb_content_element lead\">\n<div class=\"wpb_wrapper\">\n<p>&nbsp;<\/p>\n<p><strong>5. TELLIMINE, HINNAD, MAKSEKORD, TINGIMUSED<\/strong><\/p>\n<\/div>\n<\/div>\n<div class=\"wpb_text_column wpb_content_element\">\n<div class=\"wpb_wrapper\">\n<p><strong>5.1.<\/strong> Veebipood on avatud 7 p\u00e4eva n\u00e4dalas, 24 tundi p\u00e4evas.<br \/>\n<strong>5.2.<\/strong> Leping loetakse j\u00f5ustunuks, kui Ostja vajutab nupule \"Maksa\" ja M\u00fc\u00fcja saadab Ostja e-posti aadressile tellimuse k\u00e4ttesaamisel kinnituse ja arve.<br \/>\n<strong>5.3.<\/strong> K\u00f5ik e-poes olevad hinnad on eurodes koos k\u00e4ibemaksuga.<br \/>\n<strong>5.4.<\/strong> Ostja saab kauba eest tasuda e-pangas\u00fcsteemi abil. Ostja kannab raha \u00fcle UAB \"Pet Cura Balticum\" arvelduskontole.<span lang=\"lt-LT\">\u0105<\/span> konto. Sellisel juhul vastutab andmete turvalisuse eest vastav pank, kelle e-pangas\u00fcsteemi kasutatakse rahaliste tehingute tegemiseks.<br \/>\n<strong>5.5.<\/strong> Klient kohustub tellitud kauba eest viivitamatult tasuma, vastasel juhul kaotab ta \u00f5iguse n\u00f5uda tarnet\u00e4htaegade rikkumist, kuna kliendi tellimus saadetakse v\u00e4lja alles p\u00e4rast kauba eest tasumise laekumist.<br \/>\n<strong>5.6.<\/strong> Kui Ostja ei maksa v\u00f5i kui raha on \u00fcle kantud ainult osaliselt, t\u00fchistatakse tellimus. Kui raha on hoiustatud arvelduskontole, kantakse see 7 p\u00e4eva jooksul ostjale tagasi.<\/p>\n<\/div>\n<\/div>\n<div class=\"wpb_text_column wpb_content_element lead\">\n<div class=\"wpb_wrapper\">\n<p>&nbsp;<\/p>\n<p><strong>6. KAUPADE TARNIMINE<\/strong><\/p>\n<\/div>\n<\/div>\n<div class=\"wpb_text_column wpb_content_element\">\n<div class=\"wpb_wrapper\">\n<p><strong>6.1.<\/strong>\u00a0Ostja kohustub t\u00e4psustama kauba t\u00e4pse tarnekoha, valides tellimuse esitamisel kohaletoimetamise teenuse.<br \/>\n<strong>6.2.<\/strong>\u00a0Ostja kohustub kauba ise vastu v\u00f5tma. Juhul kui Ostja ei saa kaupa ise vastu v\u00f5tta ja kaup toimetatakse m\u00e4rgitud aadressile, ei ole Ostjal \u00f5igust n\u00f5uda M\u00fc\u00fcja vastu, et kaup toimetatakse valele isikule.<br \/>\n<strong>6.3.<\/strong> Kauba toimetab kohale M\u00fc\u00fcja volitatud esindaja (kuller) ja Ostja v\u00f5tab selle vastu enda valitud postkontoris, soovitud tarneaadressil v\u00f5i zooprekes24.lt f\u00fc\u00fcsilises laos.<br \/>\n<strong>6.4.<\/strong>\u00a0M\u00fc\u00fcja v\u00f5ib kohaldada tarne allahindlusi, kui Ostja \u00fcletab tellimuse summa.<br \/>\n<strong>6.5.<\/strong> M\u00fc\u00fcja tarnib kaubad Ostjale vastavalt j\u00e4rgmistele tingimustele. <span style=\"text-decoration: underline; color: #11312c;\"><a style=\"color: #11312c; text-decoration: underline;\" href=\"https:\/\/zooprekes24.lt\/et\/kaupade-tarnimine\/\">Tarne-eeskirjades<\/a><\/span> etten\u00e4htud t\u00e4htaegade jooksul. Erandjuhtudel v\u00f5ib kauba kohaletoimetamine viibida etten\u00e4gematute asjaolude t\u00f5ttu, mis ei s\u00f5ltu M\u00fc\u00fcjast. Sellisel juhul kohustub M\u00fc\u00fcja v\u00f5tma viivitamatult \u00fchendust Ostjaga, et leppida kokku tarnetingimustes.<br \/>\n<strong>6.6.<\/strong>\u00a0M\u00fc\u00fcja on igal juhul vabastatud vastutusest kauba tarnet\u00e4htaegade rikkumise eest, kui kaupu ei toimetata ostjale k\u00e4tte v\u00f5i kui neid ei toimetata \u00f5igeaegselt k\u00e4tte ostja s\u00fc\u00fc t\u00f5ttu v\u00f5i m\u00fc\u00fcjast mitteolenevatel asjaoludel.<br \/>\n<strong>6.7.<\/strong>\u00a0Ostja peab M\u00fc\u00fcjat viivitamatult teavitama, kui saadetis on tarnitud katkise v\u00f5i muul viisil kahjustatud pakendiga v\u00f5i kui saadetis sisaldab tellimata kaupa v\u00f5i vale koguse v\u00f5i mittet\u00e4ieliku kaubakomplekti. M\u00fc\u00fcja parandab vead esimesel \u00fchiselt kokkulepitud ajal.<br \/>\n<strong>6.8.<\/strong>\u00a0Kui ostja m\u00e4rkab tarne ajal pakendi kahjustusi, peab ta sellest m\u00fc\u00fcjat teavitama.<\/p>\n<\/div>\n<\/div>\n<div class=\"wpb_text_column wpb_content_element lead\">\n<div class=\"wpb_wrapper\">\n<p>&nbsp;<\/p>\n<p><strong>7. TOOTE KVALITEEDIGARANTIID<\/strong><\/p>\n<\/div>\n<\/div>\n<div class=\"wpb_text_column wpb_content_element\">\n<div class=\"wpb_wrapper\">\n<p><strong>7.1.<\/strong>\u00a0K\u00f5ik \u00fcksikasjad e-poes www.zooprekes24.lt m\u00fc\u00fcdavate kaupade kohta on esitatud iga toote kirjelduses.<br \/>\n<strong>7.2<\/strong>. M\u00fc\u00fcja ei vastuta, kui kaupluses oleva kauba v\u00e4rvus, kuju v\u00f5i muud parameetrid ei vasta kauba tegelikule suurusele, kujule ja v\u00e4rvile, mis tuleneb ostja poolt kasutatava v\u00e4ljapaneku omadustest.<br \/>\n<strong>7.3.<\/strong> <span>K\u00f5igile meie toodetele kehtib Leedu Vabariigi tsiviilseadustiku ja tarbija\u00f5iguste kaitse seaduse alusel 2-aastane seaduslik garantii. Kui toote s\u00e4ilivusaeg on l\u00fchem (n\u00e4iteks teatud toiduainete v\u00f5i kergesti riknevate toodete puhul), kehtib garantii selle aja jooksul. Tarbija v\u00f5ib esitada n\u00f5ude toote puuduste korral m\u00e4rgitud s\u00e4ilivusaja jooksul v\u00f5i 2 aasta jooksul, kui s\u00e4ilivusaega ei ole m\u00e4rgitud.<\/span><\/p>\n<\/div>\n<\/div>\n<div class=\"wpb_text_column wpb_content_element lead\">\n<div class=\"wpb_wrapper\">\n<p>&nbsp;<\/p>\n<p><strong>8. KAUPADE TAGASTAMINE JA VAHETAMINE<\/strong><\/p>\n<\/div>\n<\/div>\n<div class=\"wpb_text_column wpb_content_element\">\n<div class=\"wpb_wrapper\">\n<p><strong>8.1. <\/strong>Ostjal on \u00f5igus 14 p\u00e4eva jooksul kaubast taganeda, v\u00e4lja arvatud juhul, kui <span style=\"text-decoration: underline;\"><span style=\"color: #11312c; text-decoration: underline;\"><a style=\"color: #11312c; text-decoration: underline;\" href=\"https:\/\/www.infolex.lt\/ta\/12755:str6.228-10\" target=\"_blank\" rel=\"noopener\">CK 6.228 (10)<\/a><\/span><\/span> artikli 2 l\u00f5ikes 2 s\u00e4testatud erandid. Te v\u00f5ite toote tagastada, kui seda ei ole kasutatud, kahjustatud v\u00f5i oluliselt muudetud, st toote v\u00e4limust v\u00f5i pakendit on muudetud ainult sellisel viisil, mis on vajalik selleks, et te saaksite toodet kontrollida. Ostja peab seda \u00f5igust vastutustundlikult kasutama ja tagastama toote(d) originaalpakendis ja heas seisukorras, kaasa arvatud toote(te)ga kaasas olevad osad. Ostja vastutab kauba v\u00e4\u00e4rtuse v\u00e4henemise eest, mis tuleneb toimingutest, mis ei ole vajalikud kauba olemuse, omaduste v\u00f5i toimivuse kindlaksm\u00e4\u00e4ramiseks.<br \/>\n<strong>8.2.<\/strong> P\u00f5hineb <span style=\"text-decoration: underline;\"><span style=\"color: #11312c; text-decoration: underline;\"><a style=\"color: #11312c; text-decoration: underline;\" href=\"https:\/\/www.infolex.lt\/ta\/12755:str6.228-10\">CK 6.228 (10)<\/a><\/span><\/span> Vastavalt artikli 2 l\u00f5ikes 2 s\u00e4testatud eranditele ei saa tagastada koera- v\u00f5i kassitoitu, mille pakend on avatud. Avatud pakendiga loomas\u00f6\u00f6ta v\u00f5ib tagastada ainult siis, kui pakendis olev toit on tunnistatud ebakvaliteetseks.<br \/>\n<strong>8.3.<\/strong> Kui tagasimakseid tuleb tasuda <span>kvaliteetsed kaubad <\/span>ostja korraldab tagastamiseks n\u00f5uetekohase pakendamise. Ostja kannab kauba(te) posti\/kulleriga tagastamise kulud. M\u00fc\u00fcja hoolitseb Postiameti kleebiste\/kullerteenuse tellimise eest p\u00e4rast seda, kui Ostja on tagastamiskulud tasunud.<br \/>\n<strong>8.4.<\/strong> Kui tagasimakseid tuleb tasuda <span>madala kvaliteediga kaubad<\/span> ostja korraldab tagastamiseks n\u00f5uetekohase pakendamise. Kauba(de) postkontorisse\/kullerile tagastamise kulud kannab M\u00fc\u00fcja. M\u00fc\u00fcja hoolitseb Posti\/kulleri kleebiste v\u00e4ljastamise eest p\u00e4rast seda, kui ta on \u00fcksikasjad Ostjaga kokku leppinud.<br \/>\n<strong>8.5.<\/strong> Kui ostja seda taotleb <span>saab valida, kas tagastada hea v\u00f5i halva kvaliteediga kaupu iseteeninduse teel<\/span> liiv<span>t\u00f6\u00f6ajal.<\/span><br \/>\n<strong>8.6.<\/strong> <span>Enne kauba tagastamist peab Ostja valima \u00fche j\u00e4rgmistest viisidest, olenevalt sellest, milline on talle sobivam, ja teavitama sellest M\u00fc\u00fcjat: u<\/span>elektroonilise taotluse t\u00e4itmine ja esitamine <span><span style=\"text-decoration: underline;\"><span style=\"color: #11312c;\"><a style=\"color: #11312c; text-decoration: underline;\" href=\"https:\/\/zooprekes24.lt\/et\/kauba-tagastamise-vorm\/\">Tagastamise vorm<\/a><\/span><\/span> v\u00f5i i<\/span>nformaat e-posti teel: <span>klientams@zooprekes24.lt<\/span> m\u00e4rkides tellimuse numbri, tagastatava(te) kauba(de) nime(d), koguse ja muu M\u00fc\u00fcja jaoks olulise teabe.<br \/>\n<strong>8.7.<\/strong> Kaup tuleb tagastada meie ladu aadressil \u0160e\u0161kin\u0117s 26, Vilnius, sama transpordimeetodiga, mis oli algne saadetis (kui ei ole kokku lepitud teisiti).<br \/>\n<strong>8.8. <\/strong><span>Raha tagastatud kauba eest makstakse panga\u00fclekandega ostja kontole. Kvaliteetsete kaupade eest makstakse raha tagasi 14 p\u00e4eva jooksul alates ostja taganemisavalduse kuup\u00e4evast, kuid m\u00fc\u00fcja ei saa raha tagasi maksta enne, kui ta on kauba k\u00e4tte saanud v\u00f5i kui talle on esitatud t\u00f5end kauba l\u00e4hetamise kohta. Tagasimaksed vigase kauba eest tehakse 1-3 t\u00f6\u00f6p\u00e4eva jooksul alates m\u00fc\u00fcjale tarnimise kuup\u00e4evast. Raha tellimuses ostetud, kuid ajutiselt v\u00e4lja m\u00fc\u00fcdud ja puuduva kauba eest makstakse panga\u00fclekandega Ostja kontole 7 t\u00f6\u00f6p\u00e4eva jooksul alates saadetise l\u00e4hetamise kuup\u00e4evast (tellimuse j\u00e4lgimisnumbrile on m\u00e4rgitud p\u00e4ev, mil tellimus lahkus meie laost ja anti \u00fcle kullerile edasiseks t\u00e4itmiseks) v\u00f5i p\u00e4ev, mil osa tellitud kaubast meie laost k\u00e4tte saadi.<\/span><br \/>\n<strong>8.9.<\/strong> Kui kauba defekt(id) on p\u00f5hjustatud sellest, et ostja on rikkunud kauba kasutamise v\u00f5i ladustamise eeskirju, loetakse, et sellist kaupa ei saa tagastada.<br \/>\n<strong>8.10.<\/strong> Kui kulleri poolt tarnitud pakk on transpordi ajal kahjustatud ja eseme(te) kvaliteet on ilmselgelt kahjustatud, on ostjal \u00f5igus keelduda paki \u00fcleandmise ajal ja mitte vastu v\u00f5tta, m\u00e4rkides keeldumise p\u00f5hjuse kulleri poolt esitatud vastuv\u00f5tudokumendis. Vastuv\u00f5tmisel loetakse, et tarne on tehtud ilma kahjustusteta.<br \/>\n<strong>8.11.<\/strong> Kui tekib vaidlus seoses tagastatud eseme(te) v\u00e4limuse muutustega v\u00f5i eseme(te) kahjustustega, v\u00f5ivad M\u00fc\u00fcja ja Ostja suunata vaidluse riigi tarbijakaitseametisse ja esitada eseme ekspertiisile. Ekspertiisi kulud kannab s\u00fc\u00fcdi olev pool.<\/p>\n<\/div>\n<\/div>\n<div class=\"wpb_text_column wpb_content_element lead\">\n<div class=\"wpb_wrapper\">\n<p>&nbsp;<\/p>\n<p><strong>9. TURUNDUS JA TEAVE<\/strong><\/p>\n<\/div>\n<\/div>\n<div class=\"wpb_text_column wpb_content_element\">\n<div class=\"wpb_wrapper\">\n<p><strong>9.1.<\/strong>\u00a0M\u00fc\u00fcja v\u00f5ib korraldada e-poes www.zooprekes24.lt erinevaid kampaaniaid ja pakkumisi.<br \/>\n<strong>9.2.<\/strong>\u00a0M\u00fc\u00fcjal on \u00f5igus \u00fchepoolselt muuta aktsiate tingimusi ja t\u00fchistada aktsiaid ilma eelneva etteteatamiseta. Aktsiate tingimuste muutmine v\u00f5i t\u00fchistamine j\u00f5ustub sellise muutmise v\u00f5i t\u00fchistamise hetkest.<br \/>\n<strong>9.3.<\/strong>\u00a0M\u00fc\u00fcja saadab k\u00f5ik teated Ostja registreerimisvormil m\u00e4rgitud sidevahendite kaudu.<br \/>\n<strong>9.4.<\/strong> Ostja saadab k\u00f5ik p\u00e4ringud M\u00fc\u00fcja e-poe rubriiki \"<span style=\"text-decoration: underline;\"><span style=\"color: #11312c; text-decoration: underline;\"><a style=\"color: #11312c; text-decoration: underline;\" href=\"https:\/\/zooprekes24.lt\/et\/kontakt\/\">Kontakt<\/a><\/span><\/span>\" alltoodud telefoninumbritel ja e-posti aadressidel.<br \/>\n<strong>9.5.<\/strong>\u00a0M\u00fc\u00fcja ei vastuta, kui Ostja ei saa saadetud teavet v\u00f5i kinnituss\u00f5numeid interneti\u00fchenduse, e-posti teenusepakkujate v\u00f5rkude h\u00e4irete v\u00f5i Ostja poolt esitatud eba\u00f5igete andmete t\u00f5ttu.<br \/>\n<strong>9.6.<\/strong> M\u00fc\u00fcja kasutab veebilehel k\u00fcpsiseid, millega Ostja n\u00f5ustub aktiivselt, kui ta sirvib veebilehte www.zooprekes24.lt.<\/p>\n<\/div>\n<\/div>\n<div class=\"wpb_text_column wpb_content_element lead\">\n<div class=\"wpb_wrapper\">\n<p>&nbsp;<\/p>\n<p><strong>10. L\u00d5PPS\u00c4TTED<\/strong><\/p>\n<\/div>\n<\/div>\n<div class=\"wpb_text_column wpb_content_element\">\n<div class=\"wpb_wrapper\">\n<p><strong>10.1.<\/strong>\u00a0K\u00e4esolevad kaupade m\u00fc\u00fcgi- ja ostutingimused on koostatud vastavalt Leedu Vabariigi seadustele ja m\u00e4\u00e4rustele.<br \/>\n<strong>10.2.<\/strong>\u00a0K\u00f5ik k\u00e4esoleva eeskirja kohaldamisest tulenevad erimeelsused lahendatakse l\u00e4bir\u00e4\u00e4kimiste teel. Kui kokkuleppele ei j\u00f5uta, lahendatakse vaidlused Leedu Vabariigi seadustega kehtestatud korras.<br \/>\n<strong>10.3.<\/strong> K\u00f5ik teated tuleb saata e-posti aadressil klientams@zooprekes24.lt v\u00f5i telefoni teel numbrile +37062400666.<br \/>\n<strong>10.4.<\/strong>\u00a0Leping s\u00f5lmitakse ja t\u00e4idetakse ning kogu suhtlus kliendi ja zooprekes24.lt vahel toimub leedu keeles.<span lang=\"lt-LT\">\u0173\u00a0<\/span>Keel.<br \/>\n<strong>10.5.<\/strong> <span>Ostjal on \u00f5igus kasutada kohtuv\u00e4list kaebuse esitamise ja \u00f5iguskaitsevahendi menetlust muude M\u00fc\u00fcja ja Ostja vaheliste vaidluste korral (Ts\u00dcS \u00a7 6.2287 art.1 p.16). Kui Ostja leiab, et tema \u00f5igusi on rikutud, peab ta maksimaalselt kolme kuu jooksul alates rikkumise kuup\u00e4evast kirjalikult p\u00f6\u00f6rduma M\u00fc\u00fcja poole ja esitama oma n\u00f5uded. M\u00fc\u00fcja peab taotluse tasuta l\u00e4bi vaatama hiljemalt 14 p\u00e4eva jooksul ja esitama \u00fcksikasjalikult p\u00f5hjendatud kirjaliku vastuse, millele on lisatud dokumendid. Kui probleemi ei ole v\u00f5imalik lahendada, on Ostjal \u00f5igus p\u00f6\u00f6rduda tarbijavaidlusi kohtuv\u00e4liselt lahendava asutuse poole (Riigi Tarbija\u00f5iguste Kaitseteenistus, aadress Go\u0161tauto st. 12, Vilnius, www.vvtat.lt). <\/span><span lang=\"EN-GB\">Ostja v\u00f5ib esitada tarbijate \u00f5iguste v\u00f5imalike rikkumiste kohta taotlusi v\u00f5i kaebusi tarbijavaidluste lahendamise platvormil http:\/\/ec.europa.eu\/odr\/.<\/span><\/p>\n<div><\/div>\n<\/div>\n<\/div>\n<\/div><\/div><\/div><\/div><div class=\"wpb_column vc_column_container\"><div class=\"vc_column-inner\"><\/div><\/div><\/div><\/div><\/section>","protected":false},"excerpt":{"rendered":"","protected":false},"author":381,"featured_media":0,"parent":15,"menu_order":0,"comment_status":"closed","ping_status":"closed","template":"","meta":{"_acf_changed":false,"slim_seo":{"title":"Pirkimo taisykl\u0117s ir s\u0105lygos - Zooprekes24","description":"Tingimused 1. \u00dcLDS\u00c4TTED 1.1."},"iawp_total_views":285,"footnotes":""},"class_list":["post-16","page","type-page","status-publish","hentry"],"acf":[],"_links":{"self":[{"href":"https:\/\/zooprekes24.lt\/et\/wp-json\/wp\/v2\/pages\/16","targetHints":{"allow":["GET"]}}],"collection":[{"href":"https:\/\/zooprekes24.lt\/et\/wp-json\/wp\/v2\/pages"}],"about":[{"href":"https:\/\/zooprekes24.lt\/et\/wp-json\/wp\/v2\/types\/page"}],"author":[{"embeddable":true,"href":"https:\/\/zooprekes24.lt\/et\/wp-json\/wp\/v2\/users\/381"}],"replies":[{"embeddable":true,"href":"https:\/\/zooprekes24.lt\/et\/wp-json\/wp\/v2\/comments?post=16"}],"version-history":[{"count":20,"href":"https:\/\/zooprekes24.lt\/et\/wp-json\/wp\/v2\/pages\/16\/revisions"}],"predecessor-version":[{"id":32155,"href":"https:\/\/zooprekes24.lt\/et\/wp-json\/wp\/v2\/pages\/16\/revisions\/32155"}],"up":[{"embeddable":true,"href":"https:\/\/zooprekes24.lt\/et\/wp-json\/wp\/v2\/pages\/15"}],"wp:attachment":[{"href":"https:\/\/zooprekes24.lt\/et\/wp-json\/wp\/v2\/media?parent=16"}],"curies":[{"name":"wp","href":"https:\/\/api.w.org\/{rel}","templated":true}]}}